{"id":11,"date":"2024-02-27T16:49:07","date_gmt":"2024-02-27T16:49:07","guid":{"rendered":"https:\/\/cuotadetecnologia.uprrp.edu\/?page_id=11"},"modified":"2024-04-03T15:02:04","modified_gmt":"2024-04-03T15:02:04","slug":"mision-y-vision","status":"publish","type":"page","link":"https:\/\/cuotadetecnologia.uprrp.edu\/?page_id=11","title":{"rendered":"Guia para solicitar fondos de la cuota"},"content":{"rendered":"\r\n<p>La certificaci\u00f3n 70 (2004-2005) de la Junta de S\u00edndicos de la Universidad de Puerto Rico establece una Cuota de Tecnolog\u00eda pagadera por cada per\u00edodo en que un estudiante se matricule.\u00a0 Se establece que esta cuota \u201cse destinar\u00e1 a sufragar gastos por dicho concepto, de conformidad con las normas que deber\u00e1 establecer el presidente de la Universidad para tales prop\u00f3sitos.\u201d<\/p>\r\n\r\n\r\n\r\n<p>Se estableci\u00f3 que los recaudos se ingresaran \u00edntegros a un fondo con el objetivo de actualizar, ampliar y mejorar los recurses tecnol\u00f3gicos para uso de los estudiantes.<br \/>Con el prop\u00f3sito de facilitar el proceso de asignaci\u00f3n de fondos de la cuota de tecnolog\u00eda, el presente documento establece gu\u00edas y criterios que deberan ser utilizados en todas las Unidades en el proceso de evaluaci\u00f3n, asignaci\u00f3n, compra e implantaci\u00f3n de las recursos tecnol\u00f3gicos para los estudiantes.<\/p>\r\n\r\n\r\n\r\n<div data-wp-interactive=\"core\/file\" class=\"wp-block-file\"><object data-wp-bind--hidden=\"!state.hasPdfPreview\" hidden class=\"wp-block-file__embed\" style=\"width: 100%; height: 600px;\" data=\"https:\/\/cuotadetecnologia.uprrp.edu\/wp-content\/uploads\/2024\/02\/R-1415-28Guia-Cuota-Tec.pdf\" type=\"application\/pdf\" width=\"300\" height=\"150\" aria-label=\"Embed of R-1415-28Guia-Cuota-Tec.\"><\/object><a id=\"wp-block-file--media-50c4d916-ce67-43e4-8849-4545de910ac2\" href=\"https:\/\/cuotadetecnologia.uprrp.edu\/wp-content\/uploads\/2024\/02\/R-1415-28Guia-Cuota-Tec.pdf\">R-1415-28Guia-Cuota-Tec<\/a><a class=\"wp-block-file__button wp-element-button\" href=\"https:\/\/cuotadetecnologia.uprrp.edu\/wp-content\/uploads\/2024\/02\/R-1415-28Guia-Cuota-Tec.pdf\" download=\"\" aria-describedby=\"wp-block-file--media-50c4d916-ce67-43e4-8849-4545de910ac2\">Download<\/a><\/div>\r\n","protected":false},"excerpt":{"rendered":"<p>La certificaci\u00f3n 70 (2004-2005) de la Junta de S\u00edndicos de la Universidad de Puerto Rico establece una Cuota de Tecnolog\u00eda pagadera por cada per\u00edodo en que un estudiante se matricule.\u00a0 Se establece que esta cuota \u201cse destinar\u00e1 a sufragar gastos por dicho concepto, de conformidad con las normas que deber\u00e1 &hellip; <\/p>\n","protected":false},"author":1,"featured_media":0,"parent":0,"menu_order":0,"comment_status":"closed","ping_status":"closed","template":"","meta":{"footnotes":""},"class_list":["post-11","page","type-page","status-publish","hentry"],"_links":{"self":[{"href":"https:\/\/cuotadetecnologia.uprrp.edu\/index.php?rest_route=\/wp\/v2\/pages\/11","targetHints":{"allow":["GET"]}}],"collection":[{"href":"https:\/\/cuotadetecnologia.uprrp.edu\/index.php?rest_route=\/wp\/v2\/pages"}],"about":[{"href":"https:\/\/cuotadetecnologia.uprrp.edu\/index.php?rest_route=\/wp\/v2\/types\/page"}],"author":[{"embeddable":true,"href":"https:\/\/cuotadetecnologia.uprrp.edu\/index.php?rest_route=\/wp\/v2\/users\/1"}],"replies":[{"embeddable":true,"href":"https:\/\/cuotadetecnologia.uprrp.edu\/index.php?rest_route=%2Fwp%2Fv2%2Fcomments&post=11"}],"version-history":[{"count":5,"href":"https:\/\/cuotadetecnologia.uprrp.edu\/index.php?rest_route=\/wp\/v2\/pages\/11\/revisions"}],"predecessor-version":[{"id":140,"href":"https:\/\/cuotadetecnologia.uprrp.edu\/index.php?rest_route=\/wp\/v2\/pages\/11\/revisions\/140"}],"wp:attachment":[{"href":"https:\/\/cuotadetecnologia.uprrp.edu\/index.php?rest_route=%2Fwp%2Fv2%2Fmedia&parent=11"}],"curies":[{"name":"wp","href":"https:\/\/api.w.org\/{rel}","templated":true}]}}