{"id":114,"date":"2024-03-18T18:48:15","date_gmt":"2024-03-18T18:48:15","guid":{"rendered":"https:\/\/cuotadetecnologia.uprrp.edu\/?page_id=114"},"modified":"2025-08-27T15:33:43","modified_gmt":"2025-08-27T15:33:43","slug":"inicio","status":"publish","type":"page","link":"https:\/\/cuotadetecnologia.uprrp.edu\/","title":{"rendered":"Inicio"},"content":{"rendered":"\r\n<p><\/p>\r\n<h2 class=\"wp-block-heading\">Comit\u00e9 Cuota de Tecnolog\u00eda<\/h2>\r\n<p>\r\n\r\n<\/p>\r\n<p>Los fondos de la cuota de tecnolog\u00eda seran utilizados para inversiones tecnol\u00f3gicas de beneficio directo a los estudiantes, que inciden en su proceso educativo. A tales efectos el seriado que da paso a el establecimiento de la cuota requiere la composici\u00f3n de un comit\u00e9 para la administraci\u00f3n de dichos fondos. El comit\u00e9 de la cuota tiene como objetivo hacer la evaluaci\u00f3n de las propuestas y la asignaci\u00f3n de los fondos necesarios para llevar a cabo los proyectos de tecnolog\u00edas en beneficio de la comunidad estudiantil. Las gu\u00edas establecen que los fondos pueden ser utilizados basados en los siguientes requisitos:<\/p>\r\n<p>\r\n\r\n<\/p>\r\n<ul class=\"wp-block-list\">\r\n<li style=\"list-style-type: none;\">\r\n<ul><\/ul>\r\n<\/li>\r\n<\/ul>\r\n<ul>\r\n<li style=\"list-style-type: none;\">\r\n<ul>\r\n<li>Se podr\u00e1 utilizar para adquirir programas y\/o licencias de programas para uso de los estudiantes en computadoras en infraestructura local o servicios en l\u00ednea, cuyo prop\u00f3sito sea complementar la experiencia de ense\u00f1anza y aprendizaje.<\/li>\r\n<\/ul>\r\n<\/li>\r\n<\/ul>\r\n<p>\r\n\r\n<\/p>\r\n<ul>\r\n<li style=\"list-style-type: none;\">\r\n<ul>\r\n<li>Se podr\u00e1 utilizar para adquirir o mejorar la infraestructura local de computaci\u00f3n y de comunicaciones cuyo uso primordial este al servicio de los estudiantes.<\/li>\r\n<\/ul>\r\n<\/li>\r\n<\/ul>\r\n<p>\r\n\r\n<\/p>\r\n<ul>\r\n<li style=\"list-style-type: none;\"><br \/>\r\n<ul>\r\n<li>Se podr\u00e1 utilizar para mejorar las recursos tecnol\u00f3gicos cuyo prop\u00f3sito sea enriquecer y facilitar la experiencia de ense\u00f1anza y aprendizaje en las salones de clases.<\/li>\r\n<\/ul>\r\n<\/li>\r\n<\/ul>\r\n<p>&nbsp;<\/p>\r\n<p><\/p>\r\n<p><\/p>\r\n<h3>Miembros del Comit\u00e9:<\/h3>\r\n<ul>\r\n<li style=\"list-style-type: none;\">\r\n<ul>\r\n<li>Dra. Brenda Laboy Gonz\u00e1lez &#8211; Coordinadora de Comit\u00e9, Docente y Ayudante Especial en Asuntos Acad\u00e9mios de Rector\u00eda<\/li>\r\n<li>Dr. Miguel A. Santiago Rivera &#8211; Representante del Sistema de Bibliotecas<\/li>\r\n<li>Dra. Claudia D. De Souza &#8211; Representante Docente de C\u00e1tedra<\/li>\r\n<li>Sr. Rub\u00e9n Rodr\u00edguez Ocasio &#8211; Representante y Director de la Divisi\u00f3n de Tecnolog\u00edas Acad\u00e9micas y Administrativas (DTAA)<\/li>\r\n<li>Sr. Edward Maldonado Rosa &#8211; Representante Estudiantil<\/li>\r\n<li>Sra. Brenda L. Casado Rivera &#8211; Apoyo Secretarial (sin voz ni voto)<\/li>\r\n<\/ul>\r\n<\/li>\r\n<\/ul>\r\n<h3>Enlaces:<\/h3>\r\n<ul>\r\n<li><a href=\"https:\/\/cuotadetecnologia.uprrp.edu\/?page_id=11\">Guia para solicitar fondos<\/a><\/li>\r\n<li><a href=\"https:\/\/cuotadetecnologia.uprrp.edu\/?page_id=76\">Formulario de Propuestas<\/a><\/li>\r\n<li><a href=\"https:\/\/cuotadetecnologia.uprrp.edu\/?page_id=15\">Certificaciones<\/a><\/li>\r\n<li><a href=\"https:\/\/cuotadetecnologia.uprrp.edu\/?page_id=229\">Informes<\/a><\/li>\r\n<\/ul>","protected":false},"excerpt":{"rendered":"<p>Comit\u00e9 Cuota de Tecnolog\u00eda Los fondos de la cuota de tecnolog\u00eda seran utilizados para inversiones tecnol\u00f3gicas de beneficio directo a los estudiantes, que inciden en su proceso educativo. A tales efectos el seriado que da paso a el establecimiento de la cuota requiere la composici\u00f3n de un comit\u00e9 para la &hellip; <\/p>\n","protected":false},"author":6,"featured_media":0,"parent":0,"menu_order":0,"comment_status":"closed","ping_status":"closed","template":"page-templates\/homepage.php","meta":{"footnotes":""},"class_list":["post-114","page","type-page","status-publish","hentry"],"_links":{"self":[{"href":"https:\/\/cuotadetecnologia.uprrp.edu\/index.php?rest_route=\/wp\/v2\/pages\/114","targetHints":{"allow":["GET"]}}],"collection":[{"href":"https:\/\/cuotadetecnologia.uprrp.edu\/index.php?rest_route=\/wp\/v2\/pages"}],"about":[{"href":"https:\/\/cuotadetecnologia.uprrp.edu\/index.php?rest_route=\/wp\/v2\/types\/page"}],"author":[{"embeddable":true,"href":"https:\/\/cuotadetecnologia.uprrp.edu\/index.php?rest_route=\/wp\/v2\/users\/6"}],"replies":[{"embeddable":true,"href":"https:\/\/cuotadetecnologia.uprrp.edu\/index.php?rest_route=%2Fwp%2Fv2%2Fcomments&post=114"}],"version-history":[{"count":44,"href":"https:\/\/cuotadetecnologia.uprrp.edu\/index.php?rest_route=\/wp\/v2\/pages\/114\/revisions"}],"predecessor-version":[{"id":247,"href":"https:\/\/cuotadetecnologia.uprrp.edu\/index.php?rest_route=\/wp\/v2\/pages\/114\/revisions\/247"}],"wp:attachment":[{"href":"https:\/\/cuotadetecnologia.uprrp.edu\/index.php?rest_route=%2Fwp%2Fv2%2Fmedia&parent=114"}],"curies":[{"name":"wp","href":"https:\/\/api.w.org\/{rel}","templated":true}]}}